{"id":43,"date":"2023-07-24T21:16:52","date_gmt":"2023-07-24T19:16:52","guid":{"rendered":"https:\/\/www.autosklofocus.sk\/?page_id=43"},"modified":"2023-07-24T21:26:52","modified_gmt":"2023-07-24T19:26:52","slug":"o-nas","status":"publish","type":"page","link":"https:\/\/www.autosklofocus.sk\/","title":{"rendered":"O n\u00e1s"},"content":{"rendered":"\n<p>Autosklo Focus pon\u00faka v\u00fdmenu skiel na v\u0161etk\u00fdch typoch motorov\u00fdch vozidiel, opravu bodov\u00fdch po\u0161koden\u00ed a mont\u00e1\u017e autof\u00f3li\u00ed. Firma vznikla po dlhoro\u010dn\u00fdch sk\u00fasenostiach v odbore za \u00fa\u010delom poskytnutia z\u00e1kazn\u00edkovi bezkonkuren\u010dn\u00fa cenu za pon\u00fakan\u00e9 slu\u017eby.<\/p>\n\n\n\n<p>Preferujeme individu\u00e1lny a profesion\u00e1lny pr\u00edstup. Na\u0161u kvalitu ocenilo u\u017e ve\u013ea spokojn\u00fdch z\u00e1kazn\u00edkov.<\/p>\n\n\n\n<p>Pon\u00fakame v\u00fdmenu \u010deln\u00e9ho, zadn\u00e9ho i bo\u010dn\u00e9ho skla na v\u0161etk\u00fdch typoch osobn\u00fdch, n\u00e1kladn\u00fdch a \u00fa\u017eitkov\u00fdch vozidiel, SUV, autobusoch, priemyseln\u00fdch strojoch a i. Z\u00e1kazn\u00edk m\u00e1 mo\u017enos\u0165 v\u00fdberu skla od viacer\u00fdch v\u00fdrobcov. V\u00fdmeny vykon\u00e1vame poctivo a zodpovedne pod\u013ea technologick\u00fdch postupov, pri\u010dom kladieme d\u00f4raz na presnos\u0165 a \u010distotu pr\u00e1ce.<\/p>\n\n\n\n<p>Oprava \u010deln\u00e9ho skla je mo\u017en\u00e1, pokia\u013e po\u0161kodenie nepresahuje ve\u013ekos\u0165 dvojeurovej mince a nie je v zornom poli vodi\u010da. Je to kvalitn\u00e9 a ekonomick\u00e9 rie\u0161enie po konzult\u00e1ci\u00ed a obhliadke po\u0161koden\u00e9ho miesta na\u0161\u00edm technick\u00fdm odborn\u00edkom.<\/p>\n","protected":false},"excerpt":{"rendered":"<p>Autosklo Focus pon\u00faka v\u00fdmenu skiel na v\u0161etk\u00fdch typoch motorov\u00fdch vozidiel, opravu bodov\u00fdch po\u0161koden\u00ed a mont\u00e1\u017e autof\u00f3li\u00ed. Firma vznikla po dlhoro\u010dn\u00fdch sk\u00fasenostiach v odbore za \u00fa\u010delom poskytnutia z\u00e1kazn\u00edkovi bezkonkuren\u010dn\u00fa cenu za pon\u00fakan\u00e9 slu\u017eby. Preferujeme individu\u00e1lny a profesion\u00e1lny pr\u00edstup. Na\u0161u kvalitu ocenilo u\u017e ve\u013ea spokojn\u00fdch z\u00e1kazn\u00edkov. Pon\u00fakame v\u00fdmenu \u010deln\u00e9ho, zadn\u00e9ho i bo\u010dn\u00e9ho skla na v\u0161etk\u00fdch typoch osobn\u00fdch, [&hellip;]<\/p>\n","protected":false},"author":1,"featured_media":0,"parent":0,"menu_order":0,"comment_status":"closed","ping_status":"closed","template":"","meta":{"_monsterinsights_skip_tracking":false,"_monsterinsights_sitenote_active":false,"_monsterinsights_sitenote_note":"","_monsterinsights_sitenote_category":0},"yoast_head":"<!-- This site is optimized with the Yoast SEO plugin v20.11 - https:\/\/yoast.com\/wordpress\/plugins\/seo\/ -->\n<title>O n\u00e1s - Autosklo Focus<\/title>\n<meta name=\"robots\" content=\"index, follow, max-snippet:-1, max-image-preview:large, max-video-preview:-1\" \/>\n<link rel=\"canonical\" href=\"https:\/\/www.autosklofocus.sk\/\" \/>\n<meta property=\"og:locale\" content=\"sk_SK\" \/>\n<meta property=\"og:type\" content=\"article\" \/>\n<meta property=\"og:title\" content=\"O n\u00e1s - Autosklo Focus\" \/>\n<meta property=\"og:description\" content=\"Autosklo Focus pon\u00faka v\u00fdmenu skiel na v\u0161etk\u00fdch typoch motorov\u00fdch vozidiel, opravu bodov\u00fdch po\u0161koden\u00ed a mont\u00e1\u017e autof\u00f3li\u00ed. Firma vznikla po dlhoro\u010dn\u00fdch sk\u00fasenostiach v odbore za \u00fa\u010delom poskytnutia z\u00e1kazn\u00edkovi bezkonkuren\u010dn\u00fa cenu za pon\u00fakan\u00e9 slu\u017eby. Preferujeme individu\u00e1lny a profesion\u00e1lny pr\u00edstup. Na\u0161u kvalitu ocenilo u\u017e ve\u013ea spokojn\u00fdch z\u00e1kazn\u00edkov. Pon\u00fakame v\u00fdmenu \u010deln\u00e9ho, zadn\u00e9ho i bo\u010dn\u00e9ho skla na v\u0161etk\u00fdch typoch osobn\u00fdch, [&hellip;]\" \/>\n<meta property=\"og:url\" content=\"https:\/\/www.autosklofocus.sk\/\" \/>\n<meta property=\"og:site_name\" content=\"Autosklo Focus\" \/>\n<meta property=\"article:modified_time\" content=\"2023-07-24T19:26:52+00:00\" \/>\n<meta name=\"twitter:card\" content=\"summary_large_image\" \/>\n<meta name=\"twitter:label1\" content=\"Predpokladan\u00fd \u010das \u010d\u00edtania\" \/>\n\t<meta name=\"twitter:data1\" content=\"1 min\u00fata\" \/>\n<script type=\"application\/ld+json\" class=\"yoast-schema-graph\">{\"@context\":\"https:\/\/schema.org\",\"@graph\":[{\"@type\":\"WebPage\",\"@id\":\"https:\/\/www.autosklofocus.sk\/\",\"url\":\"https:\/\/www.autosklofocus.sk\/\",\"name\":\"O n\u00e1s - Autosklo Focus\",\"isPartOf\":{\"@id\":\"https:\/\/www.autosklofocus.sk\/#website\"},\"datePublished\":\"2023-07-24T19:16:52+00:00\",\"dateModified\":\"2023-07-24T19:26:52+00:00\",\"breadcrumb\":{\"@id\":\"https:\/\/www.autosklofocus.sk\/#breadcrumb\"},\"inLanguage\":\"sk-SK\",\"potentialAction\":[{\"@type\":\"ReadAction\",\"target\":[\"https:\/\/www.autosklofocus.sk\/\"]}]},{\"@type\":\"BreadcrumbList\",\"@id\":\"https:\/\/www.autosklofocus.sk\/#breadcrumb\",\"itemListElement\":[{\"@type\":\"ListItem\",\"position\":1,\"name\":\"Home\",\"item\":\"https:\/\/www.autosklofocus.sk\/\"},{\"@type\":\"ListItem\",\"position\":2,\"name\":\"O n\u00e1s\"}]},{\"@type\":\"WebSite\",\"@id\":\"https:\/\/www.autosklofocus.sk\/#website\",\"url\":\"https:\/\/www.autosklofocus.sk\/\",\"name\":\"Autosklo Focus\",\"description\":\"\",\"publisher\":{\"@id\":\"https:\/\/www.autosklofocus.sk\/#organization\"},\"potentialAction\":[{\"@type\":\"SearchAction\",\"target\":{\"@type\":\"EntryPoint\",\"urlTemplate\":\"https:\/\/www.autosklofocus.sk\/?s={search_term_string}\"},\"query-input\":\"required name=search_term_string\"}],\"inLanguage\":\"sk-SK\"},{\"@type\":\"Organization\",\"@id\":\"https:\/\/www.autosklofocus.sk\/#organization\",\"name\":\"Autosklo Focus\",\"url\":\"https:\/\/www.autosklofocus.sk\/\",\"logo\":{\"@type\":\"ImageObject\",\"inLanguage\":\"sk-SK\",\"@id\":\"https:\/\/www.autosklofocus.sk\/#\/schema\/logo\/image\/\",\"url\":\"https:\/\/www.autosklofocus.sk\/wp-content\/uploads\/2023\/07\/cropped-logo3.png\",\"contentUrl\":\"https:\/\/www.autosklofocus.sk\/wp-content\/uploads\/2023\/07\/cropped-logo3.png\",\"width\":360,\"height\":100,\"caption\":\" Autosklo Focus\"},\"image\":{\"@id\":\"https:\/\/www.autosklofocus.sk\/#\/schema\/logo\/image\/\"}}]}<\/script>\n<!-- \/ Yoast SEO plugin. -->","yoast_head_json":{"title":"O n\u00e1s - Autosklo Focus","robots":{"index":"index","follow":"follow","max-snippet":"max-snippet:-1","max-image-preview":"max-image-preview:large","max-video-preview":"max-video-preview:-1"},"canonical":"https:\/\/www.autosklofocus.sk\/","og_locale":"sk_SK","og_type":"article","og_title":"O n\u00e1s - Autosklo Focus","og_description":"Autosklo Focus pon\u00faka v\u00fdmenu skiel na v\u0161etk\u00fdch typoch motorov\u00fdch vozidiel, opravu bodov\u00fdch po\u0161koden\u00ed a mont\u00e1\u017e autof\u00f3li\u00ed. Firma vznikla po dlhoro\u010dn\u00fdch sk\u00fasenostiach v odbore za \u00fa\u010delom poskytnutia z\u00e1kazn\u00edkovi bezkonkuren\u010dn\u00fa cenu za pon\u00fakan\u00e9 slu\u017eby. Preferujeme individu\u00e1lny a profesion\u00e1lny pr\u00edstup. Na\u0161u kvalitu ocenilo u\u017e ve\u013ea spokojn\u00fdch z\u00e1kazn\u00edkov. Pon\u00fakame v\u00fdmenu \u010deln\u00e9ho, zadn\u00e9ho i bo\u010dn\u00e9ho skla na v\u0161etk\u00fdch typoch osobn\u00fdch, [&hellip;]","og_url":"https:\/\/www.autosklofocus.sk\/","og_site_name":"Autosklo Focus","article_modified_time":"2023-07-24T19:26:52+00:00","twitter_card":"summary_large_image","twitter_misc":{"Predpokladan\u00fd \u010das \u010d\u00edtania":"1 min\u00fata"},"schema":{"@context":"https:\/\/schema.org","@graph":[{"@type":"WebPage","@id":"https:\/\/www.autosklofocus.sk\/","url":"https:\/\/www.autosklofocus.sk\/","name":"O n\u00e1s - Autosklo Focus","isPartOf":{"@id":"https:\/\/www.autosklofocus.sk\/#website"},"datePublished":"2023-07-24T19:16:52+00:00","dateModified":"2023-07-24T19:26:52+00:00","breadcrumb":{"@id":"https:\/\/www.autosklofocus.sk\/#breadcrumb"},"inLanguage":"sk-SK","potentialAction":[{"@type":"ReadAction","target":["https:\/\/www.autosklofocus.sk\/"]}]},{"@type":"BreadcrumbList","@id":"https:\/\/www.autosklofocus.sk\/#breadcrumb","itemListElement":[{"@type":"ListItem","position":1,"name":"Home","item":"https:\/\/www.autosklofocus.sk\/"},{"@type":"ListItem","position":2,"name":"O n\u00e1s"}]},{"@type":"WebSite","@id":"https:\/\/www.autosklofocus.sk\/#website","url":"https:\/\/www.autosklofocus.sk\/","name":"Autosklo Focus","description":"","publisher":{"@id":"https:\/\/www.autosklofocus.sk\/#organization"},"potentialAction":[{"@type":"SearchAction","target":{"@type":"EntryPoint","urlTemplate":"https:\/\/www.autosklofocus.sk\/?s={search_term_string}"},"query-input":"required name=search_term_string"}],"inLanguage":"sk-SK"},{"@type":"Organization","@id":"https:\/\/www.autosklofocus.sk\/#organization","name":"Autosklo Focus","url":"https:\/\/www.autosklofocus.sk\/","logo":{"@type":"ImageObject","inLanguage":"sk-SK","@id":"https:\/\/www.autosklofocus.sk\/#\/schema\/logo\/image\/","url":"https:\/\/www.autosklofocus.sk\/wp-content\/uploads\/2023\/07\/cropped-logo3.png","contentUrl":"https:\/\/www.autosklofocus.sk\/wp-content\/uploads\/2023\/07\/cropped-logo3.png","width":360,"height":100,"caption":" Autosklo Focus"},"image":{"@id":"https:\/\/www.autosklofocus.sk\/#\/schema\/logo\/image\/"}}]}},"_links":{"self":[{"href":"https:\/\/www.autosklofocus.sk\/index.php?rest_route=\/wp\/v2\/pages\/43"}],"collection":[{"href":"https:\/\/www.autosklofocus.sk\/index.php?rest_route=\/wp\/v2\/pages"}],"about":[{"href":"https:\/\/www.autosklofocus.sk\/index.php?rest_route=\/wp\/v2\/types\/page"}],"author":[{"embeddable":true,"href":"https:\/\/www.autosklofocus.sk\/index.php?rest_route=\/wp\/v2\/users\/1"}],"replies":[{"embeddable":true,"href":"https:\/\/www.autosklofocus.sk\/index.php?rest_route=%2Fwp%2Fv2%2Fcomments&post=43"}],"version-history":[{"count":3,"href":"https:\/\/www.autosklofocus.sk\/index.php?rest_route=\/wp\/v2\/pages\/43\/revisions"}],"predecessor-version":[{"id":61,"href":"https:\/\/www.autosklofocus.sk\/index.php?rest_route=\/wp\/v2\/pages\/43\/revisions\/61"}],"wp:attachment":[{"href":"https:\/\/www.autosklofocus.sk\/index.php?rest_route=%2Fwp%2Fv2%2Fmedia&parent=43"}],"curies":[{"name":"wp","href":"https:\/\/api.w.org\/{rel}","templated":true}]}}