{"id":57,"date":"2023-07-24T21:23:13","date_gmt":"2023-07-24T19:23:13","guid":{"rendered":"https:\/\/www.autosklofocus.sk\/?page_id=57"},"modified":"2023-07-24T21:23:35","modified_gmt":"2023-07-24T19:23:35","slug":"kontaktujte-nas","status":"publish","type":"page","link":"https:\/\/www.autosklofocus.sk\/?page_id=57","title":{"rendered":"Kontakt"},"content":{"rendered":"\n<p>Autosklo Focus<\/p>\n\n\n\n<p>Hrani\u010dn\u00e1 2<\/p>\n\n\n\n<p>040 17, Ko\u0161ice<br><img decoding=\"async\" loading=\"lazy\" width=\"40\" height=\"40\" src=\"https:\/\/lh3.googleusercontent.com\/8SPSSUpz_hiHIMO13YdkSRfuvT5GvuArJukrgTtliUFAiBqshlD0IJMbOD91fzbqrw0fa5fOWPjLGub2_frX7QkBnFJR9gNILzyVUw2D2-fbXAMZTsJGDnv_4t2BEiCAAZ1eIy8XD2o0B14x4HSpc-Q\">\u00a0     0949 313 584<\/p>\n\n\n\n<p><img decoding=\"async\" loading=\"lazy\" src=\"https:\/\/lh5.googleusercontent.com\/a0oJH64Cp8BsGftB4mRHoqjafhYIThHyTWPrktbNX3hD0uizywo8mYbGyHx_OJ0gQ0wt23ZegQd07fRQmbo8KhM1UnUfQsG_YFF5IDee3NViETPU5hGxOtFwNStUYHJJ5jxquJr3i7QwvAoy-Z6HtlU\" width=\"40\" height=\"40\">&nbsp; &nbsp; &nbsp; info@autosklofocus.sk<\/p>\n","protected":false},"excerpt":{"rendered":"<p>Autosklo Focus Hrani\u010dn\u00e1 2 040 17, Ko\u0161ice\u00a0 0949 313 584 &nbsp; &nbsp; &nbsp; info@autosklofocus.sk<\/p>\n","protected":false},"author":1,"featured_media":0,"parent":0,"menu_order":0,"comment_status":"closed","ping_status":"closed","template":"","meta":{"_monsterinsights_skip_tracking":false,"_monsterinsights_sitenote_active":false,"_monsterinsights_sitenote_note":"","_monsterinsights_sitenote_category":0},"yoast_head":"<!-- This site is optimized with the Yoast SEO plugin v20.11 - https:\/\/yoast.com\/wordpress\/plugins\/seo\/ -->\n<title>Kontakt - Autosklo Focus<\/title>\n<meta name=\"robots\" content=\"index, follow, max-snippet:-1, max-image-preview:large, max-video-preview:-1\" \/>\n<link rel=\"canonical\" href=\"https:\/\/www.autosklofocus.sk\/?page_id=57\" \/>\n<meta property=\"og:locale\" content=\"sk_SK\" \/>\n<meta property=\"og:type\" content=\"article\" \/>\n<meta property=\"og:title\" content=\"Kontakt - Autosklo Focus\" \/>\n<meta property=\"og:description\" content=\"Autosklo Focus Hrani\u010dn\u00e1 2 040 17, Ko\u0161ice\u00a0 0949 313 584 &nbsp; &nbsp; &nbsp; info@autosklofocus.sk\" \/>\n<meta property=\"og:url\" content=\"https:\/\/www.autosklofocus.sk\/?page_id=57\" \/>\n<meta property=\"og:site_name\" content=\"Autosklo Focus\" \/>\n<meta property=\"article:modified_time\" content=\"2023-07-24T19:23:35+00:00\" \/>\n<meta property=\"og:image\" content=\"https:\/\/lh3.googleusercontent.com\/8SPSSUpz_hiHIMO13YdkSRfuvT5GvuArJukrgTtliUFAiBqshlD0IJMbOD91fzbqrw0fa5fOWPjLGub2_frX7QkBnFJR9gNILzyVUw2D2-fbXAMZTsJGDnv_4t2BEiCAAZ1eIy8XD2o0B14x4HSpc-Q\" \/>\n<meta name=\"twitter:card\" content=\"summary_large_image\" \/>\n<meta name=\"twitter:label1\" content=\"Predpokladan\u00fd \u010das \u010d\u00edtania\" \/>\n\t<meta name=\"twitter:data1\" content=\"1 min\u00fata\" \/>\n<script type=\"application\/ld+json\" class=\"yoast-schema-graph\">{\"@context\":\"https:\/\/schema.org\",\"@graph\":[{\"@type\":\"WebPage\",\"@id\":\"https:\/\/www.autosklofocus.sk\/?page_id=57\",\"url\":\"https:\/\/www.autosklofocus.sk\/?page_id=57\",\"name\":\"Kontakt - Autosklo Focus\",\"isPartOf\":{\"@id\":\"https:\/\/www.autosklofocus.sk\/#website\"},\"datePublished\":\"2023-07-24T19:23:13+00:00\",\"dateModified\":\"2023-07-24T19:23:35+00:00\",\"breadcrumb\":{\"@id\":\"https:\/\/www.autosklofocus.sk\/?page_id=57#breadcrumb\"},\"inLanguage\":\"sk-SK\",\"potentialAction\":[{\"@type\":\"ReadAction\",\"target\":[\"https:\/\/www.autosklofocus.sk\/?page_id=57\"]}]},{\"@type\":\"BreadcrumbList\",\"@id\":\"https:\/\/www.autosklofocus.sk\/?page_id=57#breadcrumb\",\"itemListElement\":[{\"@type\":\"ListItem\",\"position\":1,\"name\":\"Home\",\"item\":\"https:\/\/www.autosklofocus.sk\/\"},{\"@type\":\"ListItem\",\"position\":2,\"name\":\"Kontakt\"}]},{\"@type\":\"WebSite\",\"@id\":\"https:\/\/www.autosklofocus.sk\/#website\",\"url\":\"https:\/\/www.autosklofocus.sk\/\",\"name\":\"Autosklo Focus\",\"description\":\"\",\"publisher\":{\"@id\":\"https:\/\/www.autosklofocus.sk\/#organization\"},\"potentialAction\":[{\"@type\":\"SearchAction\",\"target\":{\"@type\":\"EntryPoint\",\"urlTemplate\":\"https:\/\/www.autosklofocus.sk\/?s={search_term_string}\"},\"query-input\":\"required name=search_term_string\"}],\"inLanguage\":\"sk-SK\"},{\"@type\":\"Organization\",\"@id\":\"https:\/\/www.autosklofocus.sk\/#organization\",\"name\":\"Autosklo Focus\",\"url\":\"https:\/\/www.autosklofocus.sk\/\",\"logo\":{\"@type\":\"ImageObject\",\"inLanguage\":\"sk-SK\",\"@id\":\"https:\/\/www.autosklofocus.sk\/#\/schema\/logo\/image\/\",\"url\":\"https:\/\/www.autosklofocus.sk\/wp-content\/uploads\/2023\/07\/cropped-logo3.png\",\"contentUrl\":\"https:\/\/www.autosklofocus.sk\/wp-content\/uploads\/2023\/07\/cropped-logo3.png\",\"width\":360,\"height\":100,\"caption\":\" Autosklo Focus\"},\"image\":{\"@id\":\"https:\/\/www.autosklofocus.sk\/#\/schema\/logo\/image\/\"}}]}<\/script>\n<!-- \/ Yoast SEO plugin. -->","yoast_head_json":{"title":"Kontakt - Autosklo Focus","robots":{"index":"index","follow":"follow","max-snippet":"max-snippet:-1","max-image-preview":"max-image-preview:large","max-video-preview":"max-video-preview:-1"},"canonical":"https:\/\/www.autosklofocus.sk\/?page_id=57","og_locale":"sk_SK","og_type":"article","og_title":"Kontakt - Autosklo Focus","og_description":"Autosklo Focus Hrani\u010dn\u00e1 2 040 17, Ko\u0161ice\u00a0 0949 313 584 &nbsp; &nbsp; &nbsp; info@autosklofocus.sk","og_url":"https:\/\/www.autosklofocus.sk\/?page_id=57","og_site_name":"Autosklo Focus","article_modified_time":"2023-07-24T19:23:35+00:00","og_image":[{"url":"https:\/\/lh3.googleusercontent.com\/8SPSSUpz_hiHIMO13YdkSRfuvT5GvuArJukrgTtliUFAiBqshlD0IJMbOD91fzbqrw0fa5fOWPjLGub2_frX7QkBnFJR9gNILzyVUw2D2-fbXAMZTsJGDnv_4t2BEiCAAZ1eIy8XD2o0B14x4HSpc-Q"}],"twitter_card":"summary_large_image","twitter_misc":{"Predpokladan\u00fd \u010das \u010d\u00edtania":"1 min\u00fata"},"schema":{"@context":"https:\/\/schema.org","@graph":[{"@type":"WebPage","@id":"https:\/\/www.autosklofocus.sk\/?page_id=57","url":"https:\/\/www.autosklofocus.sk\/?page_id=57","name":"Kontakt - Autosklo Focus","isPartOf":{"@id":"https:\/\/www.autosklofocus.sk\/#website"},"datePublished":"2023-07-24T19:23:13+00:00","dateModified":"2023-07-24T19:23:35+00:00","breadcrumb":{"@id":"https:\/\/www.autosklofocus.sk\/?page_id=57#breadcrumb"},"inLanguage":"sk-SK","potentialAction":[{"@type":"ReadAction","target":["https:\/\/www.autosklofocus.sk\/?page_id=57"]}]},{"@type":"BreadcrumbList","@id":"https:\/\/www.autosklofocus.sk\/?page_id=57#breadcrumb","itemListElement":[{"@type":"ListItem","position":1,"name":"Home","item":"https:\/\/www.autosklofocus.sk\/"},{"@type":"ListItem","position":2,"name":"Kontakt"}]},{"@type":"WebSite","@id":"https:\/\/www.autosklofocus.sk\/#website","url":"https:\/\/www.autosklofocus.sk\/","name":"Autosklo Focus","description":"","publisher":{"@id":"https:\/\/www.autosklofocus.sk\/#organization"},"potentialAction":[{"@type":"SearchAction","target":{"@type":"EntryPoint","urlTemplate":"https:\/\/www.autosklofocus.sk\/?s={search_term_string}"},"query-input":"required name=search_term_string"}],"inLanguage":"sk-SK"},{"@type":"Organization","@id":"https:\/\/www.autosklofocus.sk\/#organization","name":"Autosklo Focus","url":"https:\/\/www.autosklofocus.sk\/","logo":{"@type":"ImageObject","inLanguage":"sk-SK","@id":"https:\/\/www.autosklofocus.sk\/#\/schema\/logo\/image\/","url":"https:\/\/www.autosklofocus.sk\/wp-content\/uploads\/2023\/07\/cropped-logo3.png","contentUrl":"https:\/\/www.autosklofocus.sk\/wp-content\/uploads\/2023\/07\/cropped-logo3.png","width":360,"height":100,"caption":" Autosklo Focus"},"image":{"@id":"https:\/\/www.autosklofocus.sk\/#\/schema\/logo\/image\/"}}]}},"_links":{"self":[{"href":"https:\/\/www.autosklofocus.sk\/index.php?rest_route=\/wp\/v2\/pages\/57"}],"collection":[{"href":"https:\/\/www.autosklofocus.sk\/index.php?rest_route=\/wp\/v2\/pages"}],"about":[{"href":"https:\/\/www.autosklofocus.sk\/index.php?rest_route=\/wp\/v2\/types\/page"}],"author":[{"embeddable":true,"href":"https:\/\/www.autosklofocus.sk\/index.php?rest_route=\/wp\/v2\/users\/1"}],"replies":[{"embeddable":true,"href":"https:\/\/www.autosklofocus.sk\/index.php?rest_route=%2Fwp%2Fv2%2Fcomments&post=57"}],"version-history":[{"count":2,"href":"https:\/\/www.autosklofocus.sk\/index.php?rest_route=\/wp\/v2\/pages\/57\/revisions"}],"predecessor-version":[{"id":60,"href":"https:\/\/www.autosklofocus.sk\/index.php?rest_route=\/wp\/v2\/pages\/57\/revisions\/60"}],"wp:attachment":[{"href":"https:\/\/www.autosklofocus.sk\/index.php?rest_route=%2Fwp%2Fv2%2Fmedia&parent=57"}],"curies":[{"name":"wp","href":"https:\/\/api.w.org\/{rel}","templated":true}]}}